{"id":155,"date":"2018-08-13T16:14:31","date_gmt":"2018-08-13T13:14:31","guid":{"rendered":"http:\/\/blog.arcak.net\/?page_id=155"},"modified":"2021-12-14T11:10:31","modified_gmt":"2021-12-14T08:10:31","slug":"hakkinda","status":"publish","type":"page","link":"https:\/\/blog.arcak.net\/index.php\/hakkinda\/","title":{"rendered":"Hakk\u0131mda"},"content":{"rendered":"<p>2005 y\u0131l\u0131ndan bu yana, orta ve b\u00fcy\u00fck \u00f6l\u00e7ekli, yerli ve global \u015firketlerde hem teknik hem sat\u0131\u015f \u00f6ncesi pozisyonlarda tecr\u00fcbeler kazanmaktay\u0131m.<\/p>\n<p>Ara\u015ft\u0131rmak, yeniliklerden haberdar olmak ve tecr\u00fcbelerimi aktarmak beni her zaman mutlu etmi\u015ftir.<\/p>\n<p>Bilgisayar m\u00fchendisiyim, ancak i\u015fin sahada \u00f6\u011frenilmesi gerekti\u011fini savunanlardan\u0131m.<\/p>\n<p>\u015eu anda Datamarket firmas\u0131nda Teknoloji \u00c7\u00f6z\u00fcmleri Mimar\u0131 olarak, sat\u0131\u015f \u00f6ncesi grubunda \u015firketime faydal\u0131 olmaya \u00e7al\u0131\u015f\u0131yorum.<\/p>\n<p>Bu blog \u00fczerinde payla\u015ft\u0131\u011f\u0131m bilgiler tamamen kendi g\u00f6r\u00fc\u015f ve tecr\u00fcbelerimi ifade etmekte olup i\u015fverenim, yaz\u0131lar\u0131mdan \u00f6t\u00fcr\u00fc sorumlu tutulamaz.<\/p>\n<p>Bilgi payla\u015ft\u0131k\u00e7a \u00e7o\u011fal\u0131r inanc\u0131 ile bildiklerimi aktarmaya, aktard\u0131k\u00e7a geli\u015fmeye devam edece\u011fim.<\/p>\n<p>Can Ak\u0131n Arcak<br \/>\n<strong><a href=\"mailto:akin@arcak.net\">akin@arcak.net<\/a><\/strong><\/p>\n<p style=\"text-align: center;\"><a href=\"https:\/\/blog.arcak.net\/\">Anasayfaya D\u00f6n<\/a><\/p>\n","protected":false},"excerpt":{"rendered":"<p>2005 y\u0131l\u0131ndan bu yana, orta ve b\u00fcy\u00fck \u00f6l\u00e7ekli, yerli ve global \u015firketlerde hem teknik hem sat\u0131\u015f \u00f6ncesi pozisyonlarda tecr\u00fcbeler kazanmaktay\u0131m. Ara\u015ft\u0131rmak, yeniliklerden haberdar olmak ve tecr\u00fcbelerimi aktarmak beni her zaman mutlu etmi\u015ftir. Bilgisayar m\u00fchendisiyim, ancak i\u015fin sahada \u00f6\u011frenilmesi gerekti\u011fini savunanlardan\u0131m. \u015eu anda Datamarket firmas\u0131nda Teknoloji \u00c7\u00f6z\u00fcmleri Mimar\u0131 olarak, sat\u0131\u015f \u00f6ncesi grubunda \u015firketime faydal\u0131 olmaya \u00e7al\u0131\u015f\u0131yorum. [&hellip;]<\/p>\n","protected":false},"author":1,"featured_media":0,"parent":0,"menu_order":0,"comment_status":"closed","ping_status":"closed","template":"","meta":{"footnotes":""},"class_list":["post-155","page","type-page","status-publish","hentry"],"_links":{"self":[{"href":"https:\/\/blog.arcak.net\/index.php\/wp-json\/wp\/v2\/pages\/155"}],"collection":[{"href":"https:\/\/blog.arcak.net\/index.php\/wp-json\/wp\/v2\/pages"}],"about":[{"href":"https:\/\/blog.arcak.net\/index.php\/wp-json\/wp\/v2\/types\/page"}],"author":[{"embeddable":true,"href":"https:\/\/blog.arcak.net\/index.php\/wp-json\/wp\/v2\/users\/1"}],"replies":[{"embeddable":true,"href":"https:\/\/blog.arcak.net\/index.php\/wp-json\/wp\/v2\/comments?post=155"}],"version-history":[{"count":14,"href":"https:\/\/blog.arcak.net\/index.php\/wp-json\/wp\/v2\/pages\/155\/revisions"}],"predecessor-version":[{"id":798,"href":"https:\/\/blog.arcak.net\/index.php\/wp-json\/wp\/v2\/pages\/155\/revisions\/798"}],"wp:attachment":[{"href":"https:\/\/blog.arcak.net\/index.php\/wp-json\/wp\/v2\/media?parent=155"}],"curies":[{"name":"wp","href":"https:\/\/api.w.org\/{rel}","templated":true}]}}